{"id":1451,"date":"2023-05-10T13:42:45","date_gmt":"2023-05-10T13:42:45","guid":{"rendered":"http:\/\/eventiemomenti.com\/blog\/"},"modified":"2023-10-31T08:57:47","modified_gmt":"2023-10-31T08:57:47","slug":"blog","status":"publish","type":"page","link":"https:\/\/eventiemomenti.com\/fr\/blog\/","title":{"rendered":"Blog"},"content":{"rendered":"\t\t<div data-elementor-type=\"wp-page\" data-elementor-id=\"1451\" class=\"elementor elementor-1451 elementor-602\" data-elementor-post-type=\"page\">\n\t\t\t\t\t\t<section class=\"elementor-section elementor-top-section elementor-element elementor-element-f6de84f elementor-section-content-middle elementor-section-boxed elementor-section-height-default elementor-section-height-default\" data-id=\"f6de84f\" data-element_type=\"section\" data-settings=\"{&quot;background_background&quot;:&quot;classic&quot;}\">\n\t\t\t\t\t\t<div class=\"elementor-container elementor-column-gap-no\">\n\t\t\t\t\t<div class=\"elementor-column elementor-col-100 elementor-top-column elementor-element elementor-element-74efac4\" data-id=\"74efac4\" data-element_type=\"column\">\n\t\t\t<div class=\"elementor-widget-wrap elementor-element-populated\">\n\t\t\t\t\t\t<div class=\"elementor-element elementor-element-05e425e elementor-widget elementor-widget-text-editor\" data-id=\"05e425e\" data-element_type=\"widget\" data-widget_type=\"text-editor.default\">\n\t\t\t\t<div class=\"elementor-widget-container\">\n\t\t\t\t\t\t\t<h1>Blog<\/h1>\t\t\t\t\t\t<\/div>\n\t\t\t\t<\/div>\n\t\t\t\t<div class=\"elementor-element elementor-element-e704e6c elementor-widget-divider--view-line elementor-widget elementor-widget-divider\" data-id=\"e704e6c\" data-element_type=\"widget\" data-widget_type=\"divider.default\">\n\t\t\t\t<div class=\"elementor-widget-container\">\n\t\t\t\t\t<div class=\"elementor-divider\">\n\t\t\t<span class=\"elementor-divider-separator\">\n\t\t\t\t\t\t<\/span>\n\t\t<\/div>\n\t\t\t\t<\/div>\n\t\t\t\t<\/div>\n\t\t\t\t<section class=\"elementor-section elementor-inner-section elementor-element elementor-element-62d77bb elementor-section-boxed elementor-section-height-default elementor-section-height-default\" data-id=\"62d77bb\" data-element_type=\"section\">\n\t\t\t\t\t\t<div class=\"elementor-container elementor-column-gap-default\">\n\t\t\t\t\t<div class=\"elementor-column elementor-col-100 elementor-inner-column elementor-element elementor-element-3c697a5\" data-id=\"3c697a5\" data-element_type=\"column\">\n\t\t\t<div class=\"elementor-widget-wrap elementor-element-populated\">\n\t\t\t\t\t\t<div class=\"elementor-element elementor-element-ba8ee34 elementor-grid-3 elementor-grid-tablet-2 elementor-grid-mobile-1 elementor-posts--thumbnail-top elementor-widget elementor-widget-posts\" data-id=\"ba8ee34\" data-element_type=\"widget\" data-settings=\"{&quot;classic_columns&quot;:&quot;3&quot;,&quot;classic_columns_tablet&quot;:&quot;2&quot;,&quot;classic_columns_mobile&quot;:&quot;1&quot;,&quot;classic_row_gap&quot;:{&quot;unit&quot;:&quot;px&quot;,&quot;size&quot;:35,&quot;sizes&quot;:[]},&quot;classic_row_gap_tablet&quot;:{&quot;unit&quot;:&quot;px&quot;,&quot;size&quot;:&quot;&quot;,&quot;sizes&quot;:[]},&quot;classic_row_gap_mobile&quot;:{&quot;unit&quot;:&quot;px&quot;,&quot;size&quot;:&quot;&quot;,&quot;sizes&quot;:[]}}\" data-widget_type=\"posts.classic\">\n\t\t\t\t<div class=\"elementor-widget-container\">\n\t\t\t\t\t<div class=\"elementor-posts-container elementor-posts elementor-posts--skin-classic elementor-grid\">\n\t\t\t\t<article class=\"elementor-post elementor-grid-item post-1409 post type-post status-publish format-standard has-post-thumbnail hentry category-non-classifiee\">\n\t\t\t\t<a class=\"elementor-post__thumbnail__link\" href=\"https:\/\/eventiemomenti.com\/fr\/selon-moi-quel-est-le-sens-du-mariage-aujourdhui\/\" tabindex=\"-1\" >\n\t\t\t<div class=\"elementor-post__thumbnail\"><img fetchpriority=\"high\" decoding=\"async\" width=\"500\" height=\"373\" src=\"https:\/\/eventiemomenti.com\/wp-content\/uploads\/2023\/05\/eventi-e-momenti-blog-significato-del-matrimonio-oggi-500x373.jpg\" class=\"attachment-medium size-medium wp-image-1032\" alt=\"\" srcset=\"https:\/\/eventiemomenti.com\/wp-content\/uploads\/2023\/05\/eventi-e-momenti-blog-significato-del-matrimonio-oggi-500x373.jpg 500w, https:\/\/eventiemomenti.com\/wp-content\/uploads\/2023\/05\/eventi-e-momenti-blog-significato-del-matrimonio-oggi-1024x763.jpg 1024w, https:\/\/eventiemomenti.com\/wp-content\/uploads\/2023\/05\/eventi-e-momenti-blog-significato-del-matrimonio-oggi-768x572.jpg 768w, https:\/\/eventiemomenti.com\/wp-content\/uploads\/2023\/05\/eventi-e-momenti-blog-significato-del-matrimonio-oggi-300x224.jpg 300w, https:\/\/eventiemomenti.com\/wp-content\/uploads\/2023\/05\/eventi-e-momenti-blog-significato-del-matrimonio-oggi.jpg 1200w\" sizes=\"(max-width: 500px) 100vw, 500px\" \/><\/div>\n\t\t<\/a>\n\t\t\t\t<div class=\"elementor-post__text\">\n\t\t\t\t<h3 class=\"elementor-post__title\">\n\t\t\t<a href=\"https:\/\/eventiemomenti.com\/fr\/selon-moi-quel-est-le-sens-du-mariage-aujourdhui\/\" >\n\t\t\t\tSelon moi, quel est le sens du mariage aujourd\u2019hui ?\t\t\t<\/a>\n\t\t<\/h3>\n\t\t\t\t<div class=\"elementor-post__excerpt\">\n\t\t\t<p>Le mariage a toujours \u00e9t\u00e9 l&rsquo;union d&rsquo;un couple qui jure l&rsquo;Amour Eternel Je (nom), vous souhaite la bienvenue (nom), en<\/p>\n\t\t<\/div>\n\t\t\n\t\t<a class=\"elementor-post__read-more\" href=\"https:\/\/eventiemomenti.com\/fr\/selon-moi-quel-est-le-sens-du-mariage-aujourdhui\/\" aria-label=\"En savoir plus sur Selon moi, quel est le sens du mariage aujourd\u2019hui ?\" tabindex=\"-1\" >\n\t\t\tLIRE LA SUITE\t\t<\/a>\n\n\t\t\t\t<\/div>\n\t\t\t\t<\/article>\n\t\t\t\t<article class=\"elementor-post elementor-grid-item post-1415 post type-post status-publish format-standard has-post-thumbnail hentry category-non-classifiee\">\n\t\t\t\t<a class=\"elementor-post__thumbnail__link\" href=\"https:\/\/eventiemomenti.com\/fr\/au-vu-de-mon-experience-quest-ce-qui-a-change-au-fil-du-temps-dans-le-monde-du-mariage\/\" tabindex=\"-1\" >\n\t\t\t<div class=\"elementor-post__thumbnail\"><img decoding=\"async\" width=\"500\" height=\"333\" src=\"https:\/\/eventiemomenti.com\/wp-content\/uploads\/2023\/05\/eventi-e-momenti-blog-cosa-e-cambiato-nel-mondo-matrimonio-500x333.jpg\" class=\"attachment-medium size-medium wp-image-1214\" alt=\"\" srcset=\"https:\/\/eventiemomenti.com\/wp-content\/uploads\/2023\/05\/eventi-e-momenti-blog-cosa-e-cambiato-nel-mondo-matrimonio-500x333.jpg 500w, https:\/\/eventiemomenti.com\/wp-content\/uploads\/2023\/05\/eventi-e-momenti-blog-cosa-e-cambiato-nel-mondo-matrimonio-1024x683.jpg 1024w, https:\/\/eventiemomenti.com\/wp-content\/uploads\/2023\/05\/eventi-e-momenti-blog-cosa-e-cambiato-nel-mondo-matrimonio-768x512.jpg 768w, https:\/\/eventiemomenti.com\/wp-content\/uploads\/2023\/05\/eventi-e-momenti-blog-cosa-e-cambiato-nel-mondo-matrimonio-300x200.jpg 300w, https:\/\/eventiemomenti.com\/wp-content\/uploads\/2023\/05\/eventi-e-momenti-blog-cosa-e-cambiato-nel-mondo-matrimonio.jpg 1200w\" sizes=\"(max-width: 500px) 100vw, 500px\" \/><\/div>\n\t\t<\/a>\n\t\t\t\t<div class=\"elementor-post__text\">\n\t\t\t\t<h3 class=\"elementor-post__title\">\n\t\t\t<a href=\"https:\/\/eventiemomenti.com\/fr\/au-vu-de-mon-experience-quest-ce-qui-a-change-au-fil-du-temps-dans-le-monde-du-mariage\/\" >\n\t\t\t\tAu vu de mon exp\u00e9rience, Qu\u2019est-ce qui a chang\u00e9 au fil du temps dans le monde du mariage ?\t\t\t<\/a>\n\t\t<\/h3>\n\t\t\t\t<div class=\"elementor-post__excerpt\">\n\t\t\t<p>L&rsquo;objet est toujours le m\u00eame : \u00ab\u00a0le Mariage\u00a0\u00bb, o\u00f9 l&rsquo;on entre dans une bulle de savon qui finit par \u00e9clater<\/p>\n\t\t<\/div>\n\t\t\n\t\t<a class=\"elementor-post__read-more\" href=\"https:\/\/eventiemomenti.com\/fr\/au-vu-de-mon-experience-quest-ce-qui-a-change-au-fil-du-temps-dans-le-monde-du-mariage\/\" aria-label=\"En savoir plus sur Au vu de mon exp\u00e9rience, Qu\u2019est-ce qui a chang\u00e9 au fil du temps dans le monde du mariage ?\" tabindex=\"-1\" >\n\t\t\tLIRE LA SUITE\t\t<\/a>\n\n\t\t\t\t<\/div>\n\t\t\t\t<\/article>\n\t\t\t\t<article class=\"elementor-post elementor-grid-item post-1436 post type-post status-publish format-standard has-post-thumbnail hentry category-non-classifiee\">\n\t\t\t\t<a class=\"elementor-post__thumbnail__link\" href=\"https:\/\/eventiemomenti.com\/fr\/que-puis-je-faire-pour-vous\/\" tabindex=\"-1\" >\n\t\t\t<div class=\"elementor-post__thumbnail\"><img decoding=\"async\" width=\"500\" height=\"333\" src=\"https:\/\/eventiemomenti.com\/wp-content\/uploads\/2023\/05\/eventi-e-momenti-blog-cosa-posso-fare-per-voi-500x333.jpg\" class=\"attachment-medium size-medium wp-image-1216\" alt=\"\" srcset=\"https:\/\/eventiemomenti.com\/wp-content\/uploads\/2023\/05\/eventi-e-momenti-blog-cosa-posso-fare-per-voi-500x333.jpg 500w, https:\/\/eventiemomenti.com\/wp-content\/uploads\/2023\/05\/eventi-e-momenti-blog-cosa-posso-fare-per-voi-1024x683.jpg 1024w, https:\/\/eventiemomenti.com\/wp-content\/uploads\/2023\/05\/eventi-e-momenti-blog-cosa-posso-fare-per-voi-768x512.jpg 768w, https:\/\/eventiemomenti.com\/wp-content\/uploads\/2023\/05\/eventi-e-momenti-blog-cosa-posso-fare-per-voi-300x200.jpg 300w, https:\/\/eventiemomenti.com\/wp-content\/uploads\/2023\/05\/eventi-e-momenti-blog-cosa-posso-fare-per-voi.jpg 1200w\" sizes=\"(max-width: 500px) 100vw, 500px\" \/><\/div>\n\t\t<\/a>\n\t\t\t\t<div class=\"elementor-post__text\">\n\t\t\t\t<h3 class=\"elementor-post__title\">\n\t\t\t<a href=\"https:\/\/eventiemomenti.com\/fr\/que-puis-je-faire-pour-vous\/\" >\n\t\t\t\tQue puis-je faire pour vous?\t\t\t<\/a>\n\t\t<\/h3>\n\t\t\t\t<div class=\"elementor-post__excerpt\">\n\t\t\t<p>L&rsquo;organisateur de mariage est celui qui planifie, cr\u00e9e et coordonne, en prenant soin du moindre d\u00e9tail, en travaillant toujours aux<\/p>\n\t\t<\/div>\n\t\t\n\t\t<a class=\"elementor-post__read-more\" href=\"https:\/\/eventiemomenti.com\/fr\/que-puis-je-faire-pour-vous\/\" aria-label=\"En savoir plus sur Que puis-je faire pour vous?\" tabindex=\"-1\" >\n\t\t\tLIRE LA SUITE\t\t<\/a>\n\n\t\t\t\t<\/div>\n\t\t\t\t<\/article>\n\t\t\t\t<article class=\"elementor-post elementor-grid-item post-1427 post type-post status-publish format-standard has-post-thumbnail hentry category-non-classifiee\">\n\t\t\t\t<a class=\"elementor-post__thumbnail__link\" href=\"https:\/\/eventiemomenti.com\/fr\/pilules-organisationnelles\/\" tabindex=\"-1\" >\n\t\t\t<div class=\"elementor-post__thumbnail\"><img loading=\"lazy\" decoding=\"async\" width=\"500\" height=\"334\" src=\"https:\/\/eventiemomenti.com\/wp-content\/uploads\/2023\/05\/eventi-e-momenti-blog-pillole-organizzative-500x334.jpg\" class=\"attachment-medium size-medium wp-image-1218\" alt=\"\" srcset=\"https:\/\/eventiemomenti.com\/wp-content\/uploads\/2023\/05\/eventi-e-momenti-blog-pillole-organizzative-500x334.jpg 500w, https:\/\/eventiemomenti.com\/wp-content\/uploads\/2023\/05\/eventi-e-momenti-blog-pillole-organizzative-1024x684.jpg 1024w, https:\/\/eventiemomenti.com\/wp-content\/uploads\/2023\/05\/eventi-e-momenti-blog-pillole-organizzative-768x513.jpg 768w, https:\/\/eventiemomenti.com\/wp-content\/uploads\/2023\/05\/eventi-e-momenti-blog-pillole-organizzative-300x200.jpg 300w, https:\/\/eventiemomenti.com\/wp-content\/uploads\/2023\/05\/eventi-e-momenti-blog-pillole-organizzative.jpg 1200w\" sizes=\"(max-width: 500px) 100vw, 500px\" \/><\/div>\n\t\t<\/a>\n\t\t\t\t<div class=\"elementor-post__text\">\n\t\t\t\t<h3 class=\"elementor-post__title\">\n\t\t\t<a href=\"https:\/\/eventiemomenti.com\/fr\/pilules-organisationnelles\/\" >\n\t\t\t\tPilules Organisationnelles&#8230;\t\t\t<\/a>\n\t\t<\/h3>\n\t\t\t\t<div class=\"elementor-post__excerpt\">\n\t\t\t<p>Mes conseils ne se veulent pas biais\u00e9s, mais r\u00e9fl\u00e9chis&#8230;Un mariage DIY est aujourd&rsquo;hui un risque consid\u00e9rable \u00e9tant donn\u00e9 le niveau<\/p>\n\t\t<\/div>\n\t\t\n\t\t<a class=\"elementor-post__read-more\" href=\"https:\/\/eventiemomenti.com\/fr\/pilules-organisationnelles\/\" aria-label=\"En savoir plus sur Pilules Organisationnelles&#8230;\" tabindex=\"-1\" >\n\t\t\tLIRE LA SUITE\t\t<\/a>\n\n\t\t\t\t<\/div>\n\t\t\t\t<\/article>\n\t\t\t\t<article class=\"elementor-post elementor-grid-item post-1421 post type-post status-publish format-standard has-post-thumbnail hentry category-non-classifiee\">\n\t\t\t\t<a class=\"elementor-post__thumbnail__link\" href=\"https:\/\/eventiemomenti.com\/fr\/pas-seulement-le-mariage\/\" tabindex=\"-1\" >\n\t\t\t<div class=\"elementor-post__thumbnail\"><img loading=\"lazy\" decoding=\"async\" width=\"500\" height=\"333\" src=\"https:\/\/eventiemomenti.com\/wp-content\/uploads\/2023\/05\/eventi-e-momenti-blog-non-solo-wedding-500x333.jpg\" class=\"attachment-medium size-medium wp-image-1220\" alt=\"\" srcset=\"https:\/\/eventiemomenti.com\/wp-content\/uploads\/2023\/05\/eventi-e-momenti-blog-non-solo-wedding-500x333.jpg 500w, https:\/\/eventiemomenti.com\/wp-content\/uploads\/2023\/05\/eventi-e-momenti-blog-non-solo-wedding-1024x683.jpg 1024w, https:\/\/eventiemomenti.com\/wp-content\/uploads\/2023\/05\/eventi-e-momenti-blog-non-solo-wedding-768x512.jpg 768w, https:\/\/eventiemomenti.com\/wp-content\/uploads\/2023\/05\/eventi-e-momenti-blog-non-solo-wedding-300x200.jpg 300w, https:\/\/eventiemomenti.com\/wp-content\/uploads\/2023\/05\/eventi-e-momenti-blog-non-solo-wedding.jpg 1200w\" sizes=\"(max-width: 500px) 100vw, 500px\" \/><\/div>\n\t\t<\/a>\n\t\t\t\t<div class=\"elementor-post__text\">\n\t\t\t\t<h3 class=\"elementor-post__title\">\n\t\t\t<a href=\"https:\/\/eventiemomenti.com\/fr\/pas-seulement-le-mariage\/\" >\n\t\t\t\tPas seulement le mariage\t\t\t<\/a>\n\t\t<\/h3>\n\t\t\t\t<div class=\"elementor-post__excerpt\">\n\t\t\t<p>Comme pr\u00e9vu dans mes pr\u00e9c\u00e9dents articles, mon travail origine dans le domaine de la restauration qui reste pour moi d&rsquo;une<\/p>\n\t\t<\/div>\n\t\t\n\t\t<a class=\"elementor-post__read-more\" href=\"https:\/\/eventiemomenti.com\/fr\/pas-seulement-le-mariage\/\" aria-label=\"En savoir plus sur Pas seulement le mariage\" tabindex=\"-1\" >\n\t\t\tLIRE LA SUITE\t\t<\/a>\n\n\t\t\t\t<\/div>\n\t\t\t\t<\/article>\n\t\t\t\t<\/div>\n\t\t\n\t\t\t\t<\/div>\n\t\t\t\t<\/div>\n\t\t\t\t\t<\/div>\n\t\t<\/div>\n\t\t\t\t\t<\/div>\n\t\t<\/section>\n\t\t\t\t\t<\/div>\n\t\t<\/div>\n\t\t\t\t\t<\/div>\n\t\t<\/section>\n\t\t\t\t<\/div>\n\t\t","protected":false},"excerpt":{"rendered":"<p>Blog<\/p>\n","protected":false},"author":1,"featured_media":0,"parent":0,"menu_order":0,"comment_status":"closed","ping_status":"closed","template":"","meta":{"footnotes":""},"class_list":["post-1451","page","type-page","status-publish","hentry"],"_links":{"self":[{"href":"https:\/\/eventiemomenti.com\/fr\/wp-json\/wp\/v2\/pages\/1451","targetHints":{"allow":["GET"]}}],"collection":[{"href":"https:\/\/eventiemomenti.com\/fr\/wp-json\/wp\/v2\/pages"}],"about":[{"href":"https:\/\/eventiemomenti.com\/fr\/wp-json\/wp\/v2\/types\/page"}],"author":[{"embeddable":true,"href":"https:\/\/eventiemomenti.com\/fr\/wp-json\/wp\/v2\/users\/1"}],"replies":[{"embeddable":true,"href":"https:\/\/eventiemomenti.com\/fr\/wp-json\/wp\/v2\/comments?post=1451"}],"version-history":[{"count":4,"href":"https:\/\/eventiemomenti.com\/fr\/wp-json\/wp\/v2\/pages\/1451\/revisions"}],"predecessor-version":[{"id":1455,"href":"https:\/\/eventiemomenti.com\/fr\/wp-json\/wp\/v2\/pages\/1451\/revisions\/1455"}],"wp:attachment":[{"href":"https:\/\/eventiemomenti.com\/fr\/wp-json\/wp\/v2\/media?parent=1451"}],"curies":[{"name":"wp","href":"https:\/\/api.w.org\/{rel}","templated":true}]}}